{"id":11,"date":"2014-02-13T16:50:47","date_gmt":"2014-02-13T14:50:47","guid":{"rendered":"http:\/\/pixelwin-test.de\/?page_id=11"},"modified":"2014-07-16T13:07:09","modified_gmt":"2014-07-16T11:07:09","slug":"seminare","status":"publish","type":"page","link":"https:\/\/www.itl-bremerhaven.de\/?page_id=11","title":{"rendered":"Seminare"},"content":{"rendered":"<h3><img decoding=\"async\" loading=\"lazy\" class=\" wp-image-197 aligncenter\" alt=\"IMG_0819\" src=\"wp-content\/uploads\/2014\/03\/IMG_08191.jpg\" width=\"1156\" height=\"158\" \/><\/h3>\n<br \/>\n<h3><a title=\"Flyer Seminar Ladungssicherung\" href=\"http:\/\/www.itl-bremerhaven.de\/download\/LaSi2013.pdf\" target=\"_self\">Ladungssicherung f\u00fcr F\u00fchrungskr\u00e4fte<\/a><\/h3>\n<br \/>\n<p>Seminare f\u00fcr Ladungssicherung auf Anfrage<\/p>\n","protected":false},"excerpt":{"rendered":"<p>Ladungssicherung f\u00fcr F\u00fchrungskr\u00e4fte Seminare f\u00fcr Ladungssicherung auf Anfrage<\/p>\n","protected":false},"author":1,"featured_media":0,"parent":0,"menu_order":0,"comment_status":"closed","ping_status":"open","template":"","meta":[],"_links":{"self":[{"href":"https:\/\/www.itl-bremerhaven.de\/index.php?rest_route=\/wp\/v2\/pages\/11"}],"collection":[{"href":"https:\/\/www.itl-bremerhaven.de\/index.php?rest_route=\/wp\/v2\/pages"}],"about":[{"href":"https:\/\/www.itl-bremerhaven.de\/index.php?rest_route=\/wp\/v2\/types\/page"}],"author":[{"embeddable":true,"href":"https:\/\/www.itl-bremerhaven.de\/index.php?rest_route=\/wp\/v2\/users\/1"}],"replies":[{"embeddable":true,"href":"https:\/\/www.itl-bremerhaven.de\/index.php?rest_route=%2Fwp%2Fv2%2Fcomments&post=11"}],"version-history":[{"count":7,"href":"https:\/\/www.itl-bremerhaven.de\/index.php?rest_route=\/wp\/v2\/pages\/11\/revisions"}],"predecessor-version":[{"id":226,"href":"https:\/\/www.itl-bremerhaven.de\/index.php?rest_route=\/wp\/v2\/pages\/11\/revisions\/226"}],"wp:attachment":[{"href":"https:\/\/www.itl-bremerhaven.de\/index.php?rest_route=%2Fwp%2Fv2%2Fmedia&parent=11"}],"curies":[{"name":"wp","href":"https:\/\/api.w.org\/{rel}","templated":true}]}}