{"id":5,"date":"2014-02-13T16:50:05","date_gmt":"2014-02-13T14:50:05","guid":{"rendered":"http:\/\/pixelwin-test.de\/?page_id=5"},"modified":"2025-04-30T17:34:31","modified_gmt":"2025-04-30T15:34:31","slug":"startseite","status":"publish","type":"page","link":"https:\/\/www.itl-bremerhaven.de\/","title":{"rendered":"Startseite"},"content":{"rendered":"<h1>Willkommen<\/h1>\n<p>Das Institut f\u00fcr Transportwesen und Logistik (ITL Bremerhaven) wurde im November 2006 gegr\u00fcndet. In diesem Netzwerk arbeiten viele Experten je nach Ausrichtung zusammen.<\/p>\n<p>Im &#8222;Institut f\u00fcr Transportwesen und Logistik&#8220; arbeiten Praktiker mit solidem Hintergrundwissen, die ihre Erfahrungen in unterschiedlichen Transport- und Logistikbereichen gesammelt haben. Sie stellen ihre technischen, kaufm\u00e4nnischen und juristischen Kenntnisse in den Dienst des Kunden. Der Fokus der Arbeit liegt dabei auf der kundenorientierten Projektabwicklung.<\/p>\n<p>Je nach zu bearbeitender Aufgabe werden entsprechende Projektteams zusammengestellt. Somit sind wir in der Lage, in den jeweiligen Aufgabenfeldern f\u00fcr unsere Kunden eine ordnungsgem\u00e4\u00dfe Projektabwicklung zu realisieren. Gerne \u00fcbernehmen wir auch die Umsetzung der jeweiligen Ma\u00dfnahmen und begleiten diese auch im sp\u00e4teren Verlauf. Somit garantieren wir unseren Kunden einen allumfassenden Service &#8211; im Sinne der Wertsteigerung ihres Unternehmens.<\/p>\n","protected":false},"excerpt":{"rendered":"<p>Willkommen Das Institut f\u00fcr Transportwesen und Logistik (ITL Bremerhaven) wurde im November 2006 gegr\u00fcndet. In diesem Netzwerk arbeiten viele Experten je nach Ausrichtung zusammen. Im &#8222;Institut f\u00fcr Transportwesen und Logistik&#8220; arbeiten Praktiker mit solidem Hintergrundwissen, die ihre Erfahrungen in unterschiedlichen Transport- und Logistikbereichen gesammelt haben. Sie stellen ihre technischen, kaufm\u00e4nnischen und juristischen Kenntnisse in den&#8230;<\/p>\n","protected":false},"author":1,"featured_media":0,"parent":0,"menu_order":0,"comment_status":"closed","ping_status":"open","template":"","meta":[],"_links":{"self":[{"href":"https:\/\/www.itl-bremerhaven.de\/index.php?rest_route=\/wp\/v2\/pages\/5"}],"collection":[{"href":"https:\/\/www.itl-bremerhaven.de\/index.php?rest_route=\/wp\/v2\/pages"}],"about":[{"href":"https:\/\/www.itl-bremerhaven.de\/index.php?rest_route=\/wp\/v2\/types\/page"}],"author":[{"embeddable":true,"href":"https:\/\/www.itl-bremerhaven.de\/index.php?rest_route=\/wp\/v2\/users\/1"}],"replies":[{"embeddable":true,"href":"https:\/\/www.itl-bremerhaven.de\/index.php?rest_route=%2Fwp%2Fv2%2Fcomments&post=5"}],"version-history":[{"count":6,"href":"https:\/\/www.itl-bremerhaven.de\/index.php?rest_route=\/wp\/v2\/pages\/5\/revisions"}],"predecessor-version":[{"id":288,"href":"https:\/\/www.itl-bremerhaven.de\/index.php?rest_route=\/wp\/v2\/pages\/5\/revisions\/288"}],"wp:attachment":[{"href":"https:\/\/www.itl-bremerhaven.de\/index.php?rest_route=%2Fwp%2Fv2%2Fmedia&parent=5"}],"curies":[{"name":"wp","href":"https:\/\/api.w.org\/{rel}","templated":true}]}}