{"id":7,"date":"2014-02-13T16:50:25","date_gmt":"2014-02-13T14:50:25","guid":{"rendered":"http:\/\/pixelwin-test.de\/?page_id=7"},"modified":"2014-07-16T13:05:51","modified_gmt":"2014-07-16T11:05:51","slug":"schwerpunkte","status":"publish","type":"page","link":"https:\/\/www.itl-bremerhaven.de\/?page_id=7","title":{"rendered":"Schwerpunkte"},"content":{"rendered":"<h2><img decoding=\"async\" loading=\"lazy\" class=\"wp-image-198 aligncenter\" alt=\"IMG_0892\" src=\"wp-content\/uploads\/2014\/03\/IMG_0892.jpg\" width=\"1156\" height=\"158\" \/><\/h2>\n<br \/>\n<h2>Unsere Schwerpunkte<\/h2>\n<div>\n<ul>\n<li>Durchf\u00fchrung von Marktanalysen<\/li>\n<li>Strategieberatung<\/li>\n<li>Optimierung logistischer Netzwerke (interne\/externe)<\/li>\n<li>Optimierung interner Materialfl\u00fcsse<\/li>\n<li>Durchf\u00fchrung von Prozessoptimierungen<\/li>\n<li>Projekte im Bereich der Schwerlastlogistik<\/li>\n<li>Durchf\u00fchrung von FEM Berechnungen zur Dimensionierung von Komponenten in der logistischen Transportkette<\/li>\n<li>Projekte im Bereich der Schienenlogistik<\/li>\n<li>Projekte im Bereich der Hafenlogistik<\/li>\n<li>Projekte im Bereich des kombinierten Verkehrs<\/li>\n<li>Gutachten zur Ladungssicherung<\/li>\n<li>Durchf\u00fchrung von Simulationsrechnungen im Bereich der Logistik<\/li>\n<li>Technologiebewertung und -beratung<\/li>\n<\/ul>\n<\/div>\n","protected":false},"excerpt":{"rendered":"<p>Unsere Schwerpunkte Durchf\u00fchrung von Marktanalysen Strategieberatung Optimierung logistischer Netzwerke (interne\/externe) Optimierung interner Materialfl\u00fcsse Durchf\u00fchrung von Prozessoptimierungen Projekte im Bereich der Schwerlastlogistik Durchf\u00fchrung von FEM Berechnungen zur Dimensionierung von Komponenten in der logistischen Transportkette Projekte im Bereich der Schienenlogistik Projekte im Bereich der Hafenlogistik Projekte im Bereich des kombinierten Verkehrs Gutachten zur Ladungssicherung Durchf\u00fchrung von Simulationsrechnungen&#8230;<\/p>\n","protected":false},"author":1,"featured_media":0,"parent":0,"menu_order":0,"comment_status":"closed","ping_status":"open","template":"","meta":[],"_links":{"self":[{"href":"https:\/\/www.itl-bremerhaven.de\/index.php?rest_route=\/wp\/v2\/pages\/7"}],"collection":[{"href":"https:\/\/www.itl-bremerhaven.de\/index.php?rest_route=\/wp\/v2\/pages"}],"about":[{"href":"https:\/\/www.itl-bremerhaven.de\/index.php?rest_route=\/wp\/v2\/types\/page"}],"author":[{"embeddable":true,"href":"https:\/\/www.itl-bremerhaven.de\/index.php?rest_route=\/wp\/v2\/users\/1"}],"replies":[{"embeddable":true,"href":"https:\/\/www.itl-bremerhaven.de\/index.php?rest_route=%2Fwp%2Fv2%2Fcomments&post=7"}],"version-history":[{"count":17,"href":"https:\/\/www.itl-bremerhaven.de\/index.php?rest_route=\/wp\/v2\/pages\/7\/revisions"}],"predecessor-version":[{"id":224,"href":"https:\/\/www.itl-bremerhaven.de\/index.php?rest_route=\/wp\/v2\/pages\/7\/revisions\/224"}],"wp:attachment":[{"href":"https:\/\/www.itl-bremerhaven.de\/index.php?rest_route=%2Fwp%2Fv2%2Fmedia&parent=7"}],"curies":[{"name":"wp","href":"https:\/\/api.w.org\/{rel}","templated":true}]}}